{"id":3269,"date":"2024-06-18T00:34:05","date_gmt":"2024-06-17T22:34:05","guid":{"rendered":"https:\/\/motorio.eu\/contact\/"},"modified":"2026-03-11T10:35:12","modified_gmt":"2026-03-11T08:35:12","slug":"kontakt","status":"publish","type":"page","link":"https:\/\/motorio.eu\/da\/kontakt\/","title":{"rendered":"Kontakt"},"content":{"rendered":"<section class=\"l-section wpb_row us_custom_2e21f5ce height_auto width_custom\" style=\"--site-content-width:1140px;\"><div class=\"l-section-h i-cf\"><div class=\"g-cols vc_row via_grid cols_2 laptops-cols_inherit tablets-cols_inherit mobiles-cols_1 valign_top type_default stacking_default\" style=\"--columns-gap:3rem;--laptops-columns-gap:3rem;--tablets-columns-gap:3rem;--mobiles-columns-gap:4rem;\"><div class=\"wpb_column vc_column_container\"><div class=\"vc_column-inner\"><h2 class=\"w-text\"><span class=\"w-text-h\"><span class=\"w-text-value\">Kontakt<\/span><\/span><\/h2><div class=\"w-separator size_custom\" style=\"height:1rem\"><\/div><div class=\"w-text us_custom_de1be817 icon_atleft\"><span target=\"_blank\" class=\"w-text-h\"><i class=\"fal fa-briefcase\"><\/i><span class=\"w-text-value\">Motorio, MB<\/span><\/span><\/div><div class=\"wpb_text_column company-details\"><div class=\"wpb_wrapper\"><p>Virksomhedsnummer: 307218474<br \/>\nMomsnummer: LT100019189913<br \/>\nVilnius, Litauen<\/p>\n<\/div><\/div><div class=\"w-separator size_custom\" style=\"height:1rem\"><\/div><div class=\"w-text us_custom_de1be817 icon_atleft\"><a target=\"_blank\" href=\"https:\/\/wa.me\/37067322208\" class=\"w-text-h\"><i class=\"fab fa-whatsapp\"><\/i><span class=\"w-text-value\">Kontakt os via WhatsApp<\/span><\/a><\/div><div class=\"w-text us_custom_193fe783 icon_atleft\"><a href=\"mailto:info@motorio.eu\" class=\"w-text-h\"><i class=\"far fa-envelope-open\"><\/i><span class=\"w-text-value\">info@motorio.eu<\/span><\/a><\/div>\n<\/div><\/div><div class=\"wpb_column vc_column_container\"><div class=\"vc_column-inner\"><h2 class=\"w-text have-questions\"><span class=\"w-text-h\"><span class=\"w-text-value\">Har du sp\u00f8rgsm\u00e5l?<\/span><\/span><\/h2><div class=\"w-separator size_custom\" style=\"height:1rem\" id=\"h62c\"><style>@media(max-width:600px){ #h62c{height:0.5rem!important}}<\/style><\/div><div class=\"w-text us_custom_c5951fbf has_text_color\"><span target=\"_blank\" class=\"w-text-h\"><span class=\"w-text-value\">Vi svarer normalt inden for f\u00e5 arbejdstimer.<\/span><\/span><\/div><div class=\"w-separator size_custom\" style=\"height:1rem\"><\/div>[vc_raw_html]JTVCZm9ybWluYXRvcl9mb3JtJTIwaWQlM0QlMjIyMDkyJTIyJTVE[\/vc_raw_html]\n<\/div><\/div><\/div><\/div><\/section>\n","protected":false},"excerpt":{"rendered":"KontaktMotorio, MBVirksomhedsnummer: 307218474 Momsnummer: LT100019189913 Vilnius, Litauen Kontakt os via WhatsAppinfo@motorio.eu Har du sp\u00f8rgsm\u00e5l?Vi svarer normalt inden for f\u00e5 arbejdstimer.[vc_raw_html]JTVCZm9ybWluYXRvcl9mb3JtJTIwaWQlM0QlMjIyMDkyJTIyJTVE[\/vc_raw_html]","protected":false},"author":1,"featured_media":0,"parent":0,"menu_order":0,"comment_status":"closed","ping_status":"closed","template":"","meta":{"_acf_changed":false,"footnotes":""},"class_list":["post-3269","page","type-page","status-publish","hentry"],"acf":[],"yoast_head":"<!-- This site is optimized with the Yoast SEO Premium plugin v27.4 (Yoast SEO v27.4) - https:\/\/yoast.com\/product\/yoast-seo-premium-wordpress\/ -->\n<title>Kontakt - Motorio.eu<\/title>\n<meta name=\"robots\" content=\"index, follow, max-snippet:-1, max-image-preview:large, max-video-preview:-1\" \/>\n<link rel=\"canonical\" href=\"https:\/\/motorio.eu\/da\/kontakt\/\" \/>\n<meta property=\"og:locale\" content=\"da_DK\" \/>\n<meta property=\"og:type\" content=\"article\" \/>\n<meta property=\"og:title\" content=\"Kontakt\" \/>\n<meta property=\"og:url\" content=\"https:\/\/motorio.eu\/da\/kontakt\/\" \/>\n<meta property=\"og:site_name\" content=\"Motorio.eu\" \/>\n<meta property=\"article:modified_time\" content=\"2026-03-11T08:35:12+00:00\" \/>\n<meta name=\"twitter:card\" content=\"summary_large_image\" \/>\n<meta name=\"twitter:label1\" content=\"Estimeret l\u00e6setid\" \/>\n\t<meta name=\"twitter:data1\" content=\"1 minut\" \/>\n<script type=\"application\/ld+json\" class=\"yoast-schema-graph\">{\"@context\":\"https:\\\/\\\/schema.org\",\"@graph\":[{\"@type\":\"WebPage\",\"@id\":\"https:\\\/\\\/motorio.eu\\\/da\\\/kontakt\\\/\",\"url\":\"https:\\\/\\\/motorio.eu\\\/da\\\/kontakt\\\/\",\"name\":\"Kontakt - Motorio.eu\",\"isPartOf\":{\"@id\":\"https:\\\/\\\/motorio.eu\\\/da\\\/#website\"},\"datePublished\":\"2024-06-17T22:34:05+00:00\",\"dateModified\":\"2026-03-11T08:35:12+00:00\",\"breadcrumb\":{\"@id\":\"https:\\\/\\\/motorio.eu\\\/da\\\/kontakt\\\/#breadcrumb\"},\"inLanguage\":\"da-DK\",\"potentialAction\":[{\"@type\":\"ReadAction\",\"target\":[\"https:\\\/\\\/motorio.eu\\\/da\\\/kontakt\\\/\"]}]},{\"@type\":\"BreadcrumbList\",\"@id\":\"https:\\\/\\\/motorio.eu\\\/da\\\/kontakt\\\/#breadcrumb\",\"itemListElement\":[{\"@type\":\"ListItem\",\"position\":1,\"name\":\"Home\",\"item\":\"https:\\\/\\\/motorio.eu\\\/da\\\/\"},{\"@type\":\"ListItem\",\"position\":2,\"name\":\"Kontakt\"}]},{\"@type\":\"WebSite\",\"@id\":\"https:\\\/\\\/motorio.eu\\\/da\\\/#website\",\"url\":\"https:\\\/\\\/motorio.eu\\\/da\\\/\",\"name\":\"Motorio.eu\",\"description\":\"Car engine experts\",\"publisher\":{\"@id\":\"https:\\\/\\\/motorio.eu\\\/da\\\/#organization\"},\"potentialAction\":[{\"@type\":\"SearchAction\",\"target\":{\"@type\":\"EntryPoint\",\"urlTemplate\":\"https:\\\/\\\/motorio.eu\\\/da\\\/?s={search_term_string}\"},\"query-input\":{\"@type\":\"PropertyValueSpecification\",\"valueRequired\":true,\"valueName\":\"search_term_string\"}}],\"inLanguage\":\"da-DK\"},{\"@type\":\"Organization\",\"@id\":\"https:\\\/\\\/motorio.eu\\\/da\\\/#organization\",\"name\":\"Motorio.eu\",\"url\":\"https:\\\/\\\/motorio.eu\\\/da\\\/\",\"logo\":{\"@type\":\"ImageObject\",\"inLanguage\":\"da-DK\",\"@id\":\"https:\\\/\\\/motorio.eu\\\/da\\\/#\\\/schema\\\/logo\\\/image\\\/\",\"url\":\"https:\\\/\\\/motorio.eu\\\/wp-content\\\/uploads\\\/Motorio-logo-blue.svg\",\"contentUrl\":\"https:\\\/\\\/motorio.eu\\\/wp-content\\\/uploads\\\/Motorio-logo-blue.svg\",\"width\":1,\"height\":1,\"caption\":\"Motorio.eu\"},\"image\":{\"@id\":\"https:\\\/\\\/motorio.eu\\\/da\\\/#\\\/schema\\\/logo\\\/image\\\/\"},\"email\":\"info@motorio.eu\",\"legalName\":\"Motorio, MB\",\"vatID\":\"LT100019189913\"}]}<\/script>\n<!-- \/ Yoast SEO Premium plugin. -->","yoast_head_json":{"title":"Kontakt - Motorio.eu","robots":{"index":"index","follow":"follow","max-snippet":"max-snippet:-1","max-image-preview":"max-image-preview:large","max-video-preview":"max-video-preview:-1"},"canonical":"https:\/\/motorio.eu\/da\/kontakt\/","og_locale":"da_DK","og_type":"article","og_title":"Kontakt","og_url":"https:\/\/motorio.eu\/da\/kontakt\/","og_site_name":"Motorio.eu","article_modified_time":"2026-03-11T08:35:12+00:00","twitter_card":"summary_large_image","twitter_misc":{"Estimeret l\u00e6setid":"1 minut"},"schema":{"@context":"https:\/\/schema.org","@graph":[{"@type":"WebPage","@id":"https:\/\/motorio.eu\/da\/kontakt\/","url":"https:\/\/motorio.eu\/da\/kontakt\/","name":"Kontakt - Motorio.eu","isPartOf":{"@id":"https:\/\/motorio.eu\/da\/#website"},"datePublished":"2024-06-17T22:34:05+00:00","dateModified":"2026-03-11T08:35:12+00:00","breadcrumb":{"@id":"https:\/\/motorio.eu\/da\/kontakt\/#breadcrumb"},"inLanguage":"da-DK","potentialAction":[{"@type":"ReadAction","target":["https:\/\/motorio.eu\/da\/kontakt\/"]}]},{"@type":"BreadcrumbList","@id":"https:\/\/motorio.eu\/da\/kontakt\/#breadcrumb","itemListElement":[{"@type":"ListItem","position":1,"name":"Home","item":"https:\/\/motorio.eu\/da\/"},{"@type":"ListItem","position":2,"name":"Kontakt"}]},{"@type":"WebSite","@id":"https:\/\/motorio.eu\/da\/#website","url":"https:\/\/motorio.eu\/da\/","name":"Motorio.eu","description":"Car engine experts","publisher":{"@id":"https:\/\/motorio.eu\/da\/#organization"},"potentialAction":[{"@type":"SearchAction","target":{"@type":"EntryPoint","urlTemplate":"https:\/\/motorio.eu\/da\/?s={search_term_string}"},"query-input":{"@type":"PropertyValueSpecification","valueRequired":true,"valueName":"search_term_string"}}],"inLanguage":"da-DK"},{"@type":"Organization","@id":"https:\/\/motorio.eu\/da\/#organization","name":"Motorio.eu","url":"https:\/\/motorio.eu\/da\/","logo":{"@type":"ImageObject","inLanguage":"da-DK","@id":"https:\/\/motorio.eu\/da\/#\/schema\/logo\/image\/","url":"https:\/\/motorio.eu\/wp-content\/uploads\/Motorio-logo-blue.svg","contentUrl":"https:\/\/motorio.eu\/wp-content\/uploads\/Motorio-logo-blue.svg","width":1,"height":1,"caption":"Motorio.eu"},"image":{"@id":"https:\/\/motorio.eu\/da\/#\/schema\/logo\/image\/"},"email":"info@motorio.eu","legalName":"Motorio, MB","vatID":"LT100019189913"}]}},"_links":{"self":[{"href":"https:\/\/motorio.eu\/da\/wp-json\/wp\/v2\/pages\/3269","targetHints":{"allow":["GET"]}}],"collection":[{"href":"https:\/\/motorio.eu\/da\/wp-json\/wp\/v2\/pages"}],"about":[{"href":"https:\/\/motorio.eu\/da\/wp-json\/wp\/v2\/types\/page"}],"author":[{"embeddable":true,"href":"https:\/\/motorio.eu\/da\/wp-json\/wp\/v2\/users\/1"}],"replies":[{"embeddable":true,"href":"https:\/\/motorio.eu\/da\/wp-json\/wp\/v2\/comments?post=3269"}],"version-history":[{"count":2,"href":"https:\/\/motorio.eu\/da\/wp-json\/wp\/v2\/pages\/3269\/revisions"}],"predecessor-version":[{"id":3284,"href":"https:\/\/motorio.eu\/da\/wp-json\/wp\/v2\/pages\/3269\/revisions\/3284"}],"wp:attachment":[{"href":"https:\/\/motorio.eu\/da\/wp-json\/wp\/v2\/media?parent=3269"}],"curies":[{"name":"wp","href":"https:\/\/api.w.org\/{rel}","templated":true}]}}