{"id":3367,"date":"2024-06-18T00:33:54","date_gmt":"2024-06-17T22:33:54","guid":{"rendered":"https:\/\/motorio.eu\/about-us\/"},"modified":"2026-03-11T11:18:21","modified_gmt":"2026-03-11T09:18:21","slug":"tietoa-meista","status":"publish","type":"page","link":"https:\/\/motorio.eu\/fi\/tietoa-meista\/","title":{"rendered":"Tietoa meist\u00e4"},"content":{"rendered":"<section class=\"l-section wpb_row us_custom_2e21f5ce height_auto width_custom\" style=\"--site-content-width:1140px;\"><div class=\"l-section-h i-cf\"><div class=\"g-cols vc_row via_grid cols_1 laptops-cols_inherit tablets-cols_inherit mobiles-cols_1 valign_top type_default stacking_default\"><div class=\"wpb_column vc_column_container\"><div class=\"vc_column-inner\"><h1 class=\"w-post-elm post_title entry-title color_link_inherit\">Tietoa meist\u00e4<\/h1><div class=\"w-separator size_custom\" style=\"height:1rem\"><\/div><div class=\"g-cols wpb_row us_custom_abc12e86 via_grid cols_2 laptops-cols_inherit tablets-cols_inherit mobiles-cols_1 valign_top type_default stacking_default\" style=\"--columns-gap:6rem;--laptops-columns-gap:6rem;--tablets-columns-gap:3rem;--mobiles-columns-gap:3rem;\"><div class=\"wpb_column vc_column_container\"><div class=\"vc_column-inner\"><div class=\"wpb_text_column\"><div class=\"wpb_wrapper\"><p>Yritys perustettiin vuonna 2024 Vilnassa tavoitteena jakaa <strong>10 vuoden kokemus<\/strong>, joka on kertynyt asiakkaiden autojen moottoriongelmien ratkaisemisesta.<\/p>\n<p>Olemme varmoja, ett\u00e4 tiet\u00e4myksemme ja tarjoamamme palvelut voivat edist\u00e4\u00e4 asiakkaidemme moottoreiden onnistunutta ja pitk\u00e4aikaista toimintaa. Korjaamme moottorit tehdasasetusten mukaisesti. Uskomme saavuttavamme tavoitteemme, kun tarjoamamme ratkaisut ja asiantuntemus moottorikorjausalalla v\u00e4hent\u00e4v\u00e4t korjauskustannuksia ja tuovat konkreettista hy\u00f6ty\u00e4.<\/p>\n<\/div><\/div><div class=\"w-btn-wrapper align_none\"><a class=\"w-btn us-btn-style_1 us_custom_cdf14ffd icon_atright\" href=\"\/fi\/kunnostetut-auton-moottorit\/\"><span class=\"w-btn-label\">Katso moottorimme<\/span><i class=\"fas fa-arrow-right\"><\/i><\/a><\/div><\/div><\/div><div class=\"wpb_column vc_column_container\"><div class=\"vc_column-inner\"><div class=\"w-video us_custom_22382e63 hide_on_tablets hide_on_mobiles align_none ratio_16x9 has_border_radius with_overlay has_iframe\" style=\"background-image:url(https:\/\/motorio.eu\/wp-content\/uploads\/Video-cover.webp);\" onclick=\"return {&quot;player_id&quot;:&quot;youtube-u74c&quot;,&quot;player_api&quot;:&quot;\\\/\\\/www.youtube.com\\\/player_api&quot;,&quot;player_html&quot;:&quot;&lt;div id=\\&quot;youtube-u74c\\&quot;&gt;&lt;\\\/div&gt;&lt;script&gt;\\r\\n\\t\\t\\twindow.USYTPlayers = ( window.USYTPlayers || { initYTFunctions: [], optionsYT: [], USYTInited: false } );\\r\\n\\t\\t\\twindow.USYTPlayers.optionsYT.push( {\\r\\n\\t\\t\\t\\tplayerID: \\&quot;youtube-u74c\\&quot;,\\r\\n\\t\\t\\t\\tvideoID: \\&quot;JsflCPAssjA\\&quot;,\\r\\n\\t\\t\\t\\tplayerVars: {\\&quot;autoplay\\&quot;:1,\\&quot;controls\\&quot;:1,\\&quot;origin\\&quot;:\\&quot;https:\\\\\\\/\\\\\\\/motorio.eu\\\\\\\/fi\\\\\\\/\\&quot;,\\&quot;loop\\&quot;:0,\\&quot;mute\\&quot;:0,\\&quot;playlist\\&quot;:\\&quot;JsflCPAssjA\\&quot;}\\r\\n\\t\\t\\t} );\\r\\n\\t\\t\\tif ( window.USYTPlayers.USYTInited === false ) {\\r\\n\\t\\t\\t\\t\\\/\\\/ Trying to override other possible WP YT API calls if our element is used\\r\\n\\t\\t\\t\\twindow.USYTPlayers.USYTInited = true;\\r\\n\\r\\n\\t\\t\\t\\twindow.onYouTubePlayerAPIReady = function() {\\r\\n\\t\\t\\t\\t\\tfor ( var i in window.USYTPlayers.optionsYT ) {\\r\\n\\t\\t\\t\\t\\t\\tvar _playerParams = window.USYTPlayers.optionsYT[ i ];\\r\\n\\t\\t\\t\\t\\t\\t$us.YTPlayers[ _playerParams.playerID ] = new YT.Player( _playerParams.playerID, {\\r\\n\\t\\t\\t\\t\\t\\t\\tvideoId: _playerParams.videoID,\\r\\n\\t\\t\\t\\t\\t\\t\\tplayerVars: _playerParams.playerVars\\r\\n\\t\\t\\t\\t\\t\\t} );\\r\\n\\t\\t\\t\\t\\t}\\r\\n\\t\\t\\t\\t}\\r\\n\\t\\t\\t}\\r\\n\\t\\t\\tif ( !!window.YT ) {\\r\\n\\t\\t\\t\\t$us.YTPlayers[\\&quot;youtube-u74c\\&quot;] = new YT.Player( \\&quot;youtube-u74c\\&quot;, {\\r\\n\\t\\t\\t\\t\\tvideoId: \\&quot;JsflCPAssjA\\&quot;,\\r\\n\\t\\t\\t\\t\\tplayerVars: {\\&quot;autoplay\\&quot;:1,\\&quot;controls\\&quot;:1,\\&quot;origin\\&quot;:\\&quot;https:\\\\\\\/\\\\\\\/motorio.eu\\\\\\\/fi\\\\\\\/\\&quot;,\\&quot;loop\\&quot;:0,\\&quot;mute\\&quot;:0,\\&quot;playlist\\&quot;:\\&quot;JsflCPAssjA\\&quot;}\\r\\n\\t\\t\\t\\t} );\\r\\n\\t\\t\\t}\\r\\n\\t\\t&lt;\\\/script&gt;&quot;}\"><button class=\"w-video-play\" type=\"button\" aria-label=\"Toista\"><span class=\"w-video-play-icon\" style=\"font-size:1.5rem;background:rgba(0,0,0,0.5);color:#fff\"><\/span><\/button><div class=\"w-video-h\"><\/div><\/div><div class=\"w-video us_custom_22382e63 hide_on_default hide_on_laptops align_none ratio_16x9 has_border_radius has_iframe\"><div class=\"w-video-h\"><iframe title=\"Youtube video player\" src=\"\/\/www.youtube.com\/embed\/JsflCPAssjA?autoplay=0&controls=1&origin=https:\/\/motorio.eu\/fi\/&loop=0&mute=0\" allowfullscreen=\"1\" loading=\"lazy\"><\/iframe><\/div><\/div><\/div><\/div><\/div><\/div><\/div><\/div><\/div><\/section>\n","protected":false},"excerpt":{"rendered":"Tietoa meist\u00e4Yritys perustettiin vuonna 2024 Vilnassa tavoitteena jakaa 10 vuoden kokemus, joka on kertynyt asiakkaiden autojen moottoriongelmien ratkaisemisesta. Olemme varmoja, ett\u00e4 tiet\u00e4myksemme ja tarjoamamme palvelut voivat edist\u00e4\u00e4 asiakkaidemme moottoreiden onnistunutta ja pitk\u00e4aikaista toimintaa. Korjaamme moottorit tehdasasetusten mukaisesti. Uskomme saavuttavamme tavoitteemme, kun tarjoamamme ratkaisut ja asiantuntemus moottorikorjausalalla v\u00e4hent\u00e4v\u00e4t korjauskustannuksia ja tuovat konkreettista hy\u00f6ty\u00e4. Katso moottorimme","protected":false},"author":1,"featured_media":0,"parent":0,"menu_order":0,"comment_status":"closed","ping_status":"closed","template":"","meta":{"_acf_changed":false,"footnotes":""},"class_list":["post-3367","page","type-page","status-publish","hentry"],"acf":[],"yoast_head":"<!-- This site is optimized with the Yoast SEO Premium plugin v27.4 (Yoast SEO v27.4) - https:\/\/yoast.com\/product\/yoast-seo-premium-wordpress\/ -->\n<title>Tietoa meist\u00e4 - Motorio.eu<\/title>\n<meta name=\"robots\" content=\"index, follow, max-snippet:-1, max-image-preview:large, max-video-preview:-1\" \/>\n<link rel=\"canonical\" href=\"https:\/\/motorio.eu\/fi\/tietoa-meista\/\" \/>\n<meta property=\"og:locale\" content=\"fi_FI\" \/>\n<meta property=\"og:type\" content=\"article\" \/>\n<meta property=\"og:title\" content=\"Tietoa meist\u00e4\" \/>\n<meta property=\"og:url\" content=\"https:\/\/motorio.eu\/fi\/tietoa-meista\/\" \/>\n<meta property=\"og:site_name\" content=\"Motorio.eu\" \/>\n<meta property=\"article:modified_time\" content=\"2026-03-11T09:18:21+00:00\" \/>\n<meta name=\"twitter:card\" content=\"summary_large_image\" \/>\n<meta name=\"twitter:label1\" content=\"Arvioitu lukuaika\" \/>\n\t<meta name=\"twitter:data1\" content=\"1 minuutti\" \/>\n<script type=\"application\/ld+json\" class=\"yoast-schema-graph\">{\"@context\":\"https:\\\/\\\/schema.org\",\"@graph\":[{\"@type\":\"WebPage\",\"@id\":\"https:\\\/\\\/motorio.eu\\\/fi\\\/tietoa-meista\\\/\",\"url\":\"https:\\\/\\\/motorio.eu\\\/fi\\\/tietoa-meista\\\/\",\"name\":\"Tietoa meist\u00e4 - Motorio.eu\",\"isPartOf\":{\"@id\":\"https:\\\/\\\/motorio.eu\\\/fi\\\/#website\"},\"datePublished\":\"2024-06-17T22:33:54+00:00\",\"dateModified\":\"2026-03-11T09:18:21+00:00\",\"breadcrumb\":{\"@id\":\"https:\\\/\\\/motorio.eu\\\/fi\\\/tietoa-meista\\\/#breadcrumb\"},\"inLanguage\":\"fi\",\"potentialAction\":[{\"@type\":\"ReadAction\",\"target\":[\"https:\\\/\\\/motorio.eu\\\/fi\\\/tietoa-meista\\\/\"]}]},{\"@type\":\"BreadcrumbList\",\"@id\":\"https:\\\/\\\/motorio.eu\\\/fi\\\/tietoa-meista\\\/#breadcrumb\",\"itemListElement\":[{\"@type\":\"ListItem\",\"position\":1,\"name\":\"Home\",\"item\":\"https:\\\/\\\/motorio.eu\\\/fi\\\/\"},{\"@type\":\"ListItem\",\"position\":2,\"name\":\"Tietoa meist\u00e4\"}]},{\"@type\":\"WebSite\",\"@id\":\"https:\\\/\\\/motorio.eu\\\/fi\\\/#website\",\"url\":\"https:\\\/\\\/motorio.eu\\\/fi\\\/\",\"name\":\"Motorio.eu\",\"description\":\"Car engine experts\",\"publisher\":{\"@id\":\"https:\\\/\\\/motorio.eu\\\/fi\\\/#organization\"},\"potentialAction\":[{\"@type\":\"SearchAction\",\"target\":{\"@type\":\"EntryPoint\",\"urlTemplate\":\"https:\\\/\\\/motorio.eu\\\/fi\\\/?s={search_term_string}\"},\"query-input\":{\"@type\":\"PropertyValueSpecification\",\"valueRequired\":true,\"valueName\":\"search_term_string\"}}],\"inLanguage\":\"fi\"},{\"@type\":\"Organization\",\"@id\":\"https:\\\/\\\/motorio.eu\\\/fi\\\/#organization\",\"name\":\"Motorio.eu\",\"url\":\"https:\\\/\\\/motorio.eu\\\/fi\\\/\",\"logo\":{\"@type\":\"ImageObject\",\"inLanguage\":\"fi\",\"@id\":\"https:\\\/\\\/motorio.eu\\\/fi\\\/#\\\/schema\\\/logo\\\/image\\\/\",\"url\":\"https:\\\/\\\/motorio.eu\\\/wp-content\\\/uploads\\\/Motorio-logo-blue.svg\",\"contentUrl\":\"https:\\\/\\\/motorio.eu\\\/wp-content\\\/uploads\\\/Motorio-logo-blue.svg\",\"width\":1,\"height\":1,\"caption\":\"Motorio.eu\"},\"image\":{\"@id\":\"https:\\\/\\\/motorio.eu\\\/fi\\\/#\\\/schema\\\/logo\\\/image\\\/\"},\"email\":\"info@motorio.eu\",\"legalName\":\"Motorio, MB\",\"vatID\":\"LT100019189913\"}]}<\/script>\n<!-- \/ Yoast SEO Premium plugin. -->","yoast_head_json":{"title":"Tietoa meist\u00e4 - Motorio.eu","robots":{"index":"index","follow":"follow","max-snippet":"max-snippet:-1","max-image-preview":"max-image-preview:large","max-video-preview":"max-video-preview:-1"},"canonical":"https:\/\/motorio.eu\/fi\/tietoa-meista\/","og_locale":"fi_FI","og_type":"article","og_title":"Tietoa meist\u00e4","og_url":"https:\/\/motorio.eu\/fi\/tietoa-meista\/","og_site_name":"Motorio.eu","article_modified_time":"2026-03-11T09:18:21+00:00","twitter_card":"summary_large_image","twitter_misc":{"Arvioitu lukuaika":"1 minuutti"},"schema":{"@context":"https:\/\/schema.org","@graph":[{"@type":"WebPage","@id":"https:\/\/motorio.eu\/fi\/tietoa-meista\/","url":"https:\/\/motorio.eu\/fi\/tietoa-meista\/","name":"Tietoa meist\u00e4 - Motorio.eu","isPartOf":{"@id":"https:\/\/motorio.eu\/fi\/#website"},"datePublished":"2024-06-17T22:33:54+00:00","dateModified":"2026-03-11T09:18:21+00:00","breadcrumb":{"@id":"https:\/\/motorio.eu\/fi\/tietoa-meista\/#breadcrumb"},"inLanguage":"fi","potentialAction":[{"@type":"ReadAction","target":["https:\/\/motorio.eu\/fi\/tietoa-meista\/"]}]},{"@type":"BreadcrumbList","@id":"https:\/\/motorio.eu\/fi\/tietoa-meista\/#breadcrumb","itemListElement":[{"@type":"ListItem","position":1,"name":"Home","item":"https:\/\/motorio.eu\/fi\/"},{"@type":"ListItem","position":2,"name":"Tietoa meist\u00e4"}]},{"@type":"WebSite","@id":"https:\/\/motorio.eu\/fi\/#website","url":"https:\/\/motorio.eu\/fi\/","name":"Motorio.eu","description":"Car engine experts","publisher":{"@id":"https:\/\/motorio.eu\/fi\/#organization"},"potentialAction":[{"@type":"SearchAction","target":{"@type":"EntryPoint","urlTemplate":"https:\/\/motorio.eu\/fi\/?s={search_term_string}"},"query-input":{"@type":"PropertyValueSpecification","valueRequired":true,"valueName":"search_term_string"}}],"inLanguage":"fi"},{"@type":"Organization","@id":"https:\/\/motorio.eu\/fi\/#organization","name":"Motorio.eu","url":"https:\/\/motorio.eu\/fi\/","logo":{"@type":"ImageObject","inLanguage":"fi","@id":"https:\/\/motorio.eu\/fi\/#\/schema\/logo\/image\/","url":"https:\/\/motorio.eu\/wp-content\/uploads\/Motorio-logo-blue.svg","contentUrl":"https:\/\/motorio.eu\/wp-content\/uploads\/Motorio-logo-blue.svg","width":1,"height":1,"caption":"Motorio.eu"},"image":{"@id":"https:\/\/motorio.eu\/fi\/#\/schema\/logo\/image\/"},"email":"info@motorio.eu","legalName":"Motorio, MB","vatID":"LT100019189913"}]}},"_links":{"self":[{"href":"https:\/\/motorio.eu\/fi\/wp-json\/wp\/v2\/pages\/3367","targetHints":{"allow":["GET"]}}],"collection":[{"href":"https:\/\/motorio.eu\/fi\/wp-json\/wp\/v2\/pages"}],"about":[{"href":"https:\/\/motorio.eu\/fi\/wp-json\/wp\/v2\/types\/page"}],"author":[{"embeddable":true,"href":"https:\/\/motorio.eu\/fi\/wp-json\/wp\/v2\/users\/1"}],"replies":[{"embeddable":true,"href":"https:\/\/motorio.eu\/fi\/wp-json\/wp\/v2\/comments?post=3367"}],"version-history":[{"count":3,"href":"https:\/\/motorio.eu\/fi\/wp-json\/wp\/v2\/pages\/3367\/revisions"}],"predecessor-version":[{"id":3388,"href":"https:\/\/motorio.eu\/fi\/wp-json\/wp\/v2\/pages\/3367\/revisions\/3388"}],"wp:attachment":[{"href":"https:\/\/motorio.eu\/fi\/wp-json\/wp\/v2\/media?parent=3367"}],"curies":[{"name":"wp","href":"https:\/\/api.w.org\/{rel}","templated":true}]}}