{"id":3433,"date":"2026-02-07T13:23:02","date_gmt":"2026-02-07T11:23:02","guid":{"rendered":"https:\/\/motorio.eu\/privacy-policy\/"},"modified":"2026-03-11T11:39:31","modified_gmt":"2026-03-11T09:39:31","slug":"tietosuojaseloste","status":"publish","type":"page","link":"https:\/\/motorio.eu\/fi\/tietosuojaseloste\/","title":{"rendered":"Tietosuojaseloste"},"content":{"rendered":"<section class=\"l-section wpb_row us_custom_539efa1b checks height_medium\" id=\"single-post\"><div class=\"l-section-h i-cf\"><div class=\"g-cols vc_row via_grid cols_1 laptops-cols_inherit tablets-cols_inherit mobiles-cols_1 valign_top type_default stacking_default\"><div class=\"wpb_column vc_column_container\"><div class=\"vc_column-inner\"><div class=\"wpb_text_column\"><div class=\"wpb_wrapper\"><h1>Tietosuojaseloste<\/h1>\n<\/div><\/div><div class=\"w-separator size_custom\" style=\"height:2.5rem\"><\/div><div class=\"wpb_text_column\"><div class=\"wpb_wrapper\"><p>Tervetuloa <strong>Motorio, MB<\/strong> -sivustolle (\u201dVerkkosivusto\u201d). T\u00e4ss\u00e4 tietosuojaselosteessa kerrotaan, miten ker\u00e4\u00e4mme, k\u00e4yt\u00e4mme ja suojaamme tietojasi, kun vierailet verkkosivustollamme tai olet vuorovaikutuksessa sen kanssa. K\u00e4ytt\u00e4m\u00e4ll\u00e4 verkkosivustoamme hyv\u00e4ksyt alla kuvatut k\u00e4yt\u00e4nn\u00f6t.<\/p>\n<h3>1. Ker\u00e4\u00e4m\u00e4mme tiedot<\/h3>\n<p>Kun vierailet verkkosivustollamme, tiettyj\u00e4 tietoja voidaan ker\u00e4t\u00e4 automaattisesti, kuten IP-osoitteesi, selaintyyppisi, k\u00e4ytt\u00f6j\u00e4rjestelm\u00e4si, viittaavat URL-osoitteet ja yleiset k\u00e4ytt\u00f6tiedot. Saatamme my\u00f6s k\u00e4ytt\u00e4\u00e4 ev\u00e4steit\u00e4 ja vastaavia tekniikoita k\u00e4ytt\u00f6kokemuksesi parantamiseksi.<\/p>\n<p>Jos annat tietoja vapaaehtoisesti \u2013 esimerkiksi yhteydenottolomakkeiden tai kyselyjen kautta \u2013 ker\u00e4\u00e4mme ja k\u00e4yt\u00e4mme my\u00f6s n\u00e4it\u00e4 tietoja.<\/p>\n<h3>2. Miten k\u00e4yt\u00e4mme tietojasi<\/h3>\n<p>Ker\u00e4ttyj\u00e4 tietoja voidaan k\u00e4ytt\u00e4\u00e4 muun muassa seuraaviin tarkoituksiin:<\/p>\n<ul>\n<li>Verkkosivuston yll\u00e4pito ja parantaminen<\/li>\n<li>Pyynt\u00f6ihisi ja tiedusteluihisi vastaaminen<\/li>\n<li>Trendien ja k\u00e4ytt\u00e4jien k\u00e4ytt\u00e4ytymisen analysointi<\/li>\n<li>K\u00e4ytt\u00f6kokemuksesi mukauttaminen verkkosivustolla<\/li>\n<\/ul>\n<h3>3. Tietojen jakaminen kumppaneiden kanssa<\/h3>\n<p>Saatamme jakaa tietojasi luotettavien kolmannen osapuolen palveluntarjoajien kanssa, jotka auttavat meit\u00e4 verkkosivuston yll\u00e4pidossa tai palvelujen tarjoamisessa. Tietojasi voidaan luovuttaa my\u00f6s, jos laki sit\u00e4 vaatii tai Motorio, MB:n tai muiden oikeuksien ja turvallisuuden suojelemiseksi.<\/p>\n<h3>4. Ulkoiset linkit<\/h3>\n<p>Verkkosivusto voi sis\u00e4lt\u00e4\u00e4 linkkej\u00e4 kolmansien osapuolten verkkosivustoille, joita emme hallinnoi. <strong>Motorio, MB<\/strong> ei ole vastuussa n\u00e4iden ulkoisten sivustojen tietosuojak\u00e4yt\u00e4nn\u00f6ist\u00e4 tai sis\u00e4ll\u00f6st\u00e4. Suosittelemme tutustumaan kaikkien vierailemiesi kolmansien osapuolten sivustojen tietosuojaselosteisiin.<\/p>\n<h3>5. Tietoturva<\/h3>\n<p>Toteutamme kohtuullisia toimenpiteit\u00e4 suojataksemme tietojasi luvattomalta k\u00e4yt\u00f6lt\u00e4, muuttamiselta, luovuttamiselta tai tuhoamiselta. Mik\u00e4\u00e4n verkkosiirto- tai tallennusmenetelm\u00e4 ei kuitenkaan ole t\u00e4ysin turvallinen, emmek\u00e4 voi taata t\u00e4ydellist\u00e4 turvallisuutta.<\/p>\n<h3>6. P\u00e4ivitykset ja yhteystiedot<\/h3>\n<p>Saatamme p\u00e4ivitt\u00e4\u00e4 t\u00e4t\u00e4 tietosuojaselostetta ajoittain. Kaikki muutokset julkaistaan t\u00e4ll\u00e4 sivulla. Tarkista t\u00e4m\u00e4 sivu s\u00e4\u00e4nn\u00f6llisesti p\u00e4ivitysten varalta.<\/p>\n<p>Jos sinulla on kysytt\u00e4v\u00e4\u00e4 t\u00e4st\u00e4 tietosuojaselosteesta, ota meihin yhteytt\u00e4 osoitteeseen: <a href=\"mailto:info@motorio.eu\">info@motorio.eu<\/a><\/p>\n<\/div><\/div><div class=\"w-separator size_custom\" style=\"height:2rem\"><\/div><\/div><\/div><\/div><\/div><\/section>\n","protected":false},"excerpt":{"rendered":"Tietosuojaseloste Tervetuloa Motorio, MB -sivustolle (\u201dVerkkosivusto\u201d). T\u00e4ss\u00e4 tietosuojaselosteessa kerrotaan, miten ker\u00e4\u00e4mme, k\u00e4yt\u00e4mme ja suojaamme tietojasi, kun vierailet verkkosivustollamme tai olet vuorovaikutuksessa sen kanssa. K\u00e4ytt\u00e4m\u00e4ll\u00e4 verkkosivustoamme hyv\u00e4ksyt alla kuvatut k\u00e4yt\u00e4nn\u00f6t. 1. Ker\u00e4\u00e4m\u00e4mme tiedot Kun vierailet verkkosivustollamme, tiettyj\u00e4 tietoja voidaan ker\u00e4t\u00e4 automaattisesti, kuten IP-osoitteesi, selaintyyppisi, k\u00e4ytt\u00f6j\u00e4rjestelm\u00e4si, viittaavat URL-osoitteet ja yleiset k\u00e4ytt\u00f6tiedot. Saatamme my\u00f6s k\u00e4ytt\u00e4\u00e4 ev\u00e4steit\u00e4 ja vastaavia...","protected":false},"author":1,"featured_media":0,"parent":0,"menu_order":0,"comment_status":"closed","ping_status":"closed","template":"","meta":{"_acf_changed":false,"footnotes":""},"class_list":["post-3433","page","type-page","status-publish","hentry"],"acf":[],"yoast_head":"<!-- This site is optimized with the Yoast SEO Premium plugin v27.4 (Yoast SEO v27.4) - https:\/\/yoast.com\/product\/yoast-seo-premium-wordpress\/ -->\n<title>Tietosuojaseloste - Motorio.eu<\/title>\n<meta name=\"robots\" content=\"index, follow, max-snippet:-1, max-image-preview:large, max-video-preview:-1\" \/>\n<link rel=\"canonical\" href=\"https:\/\/motorio.eu\/fi\/tietosuojaseloste\/\" \/>\n<meta property=\"og:locale\" content=\"fi_FI\" \/>\n<meta property=\"og:type\" content=\"article\" \/>\n<meta property=\"og:title\" content=\"Tietosuojaseloste\" \/>\n<meta property=\"og:url\" content=\"https:\/\/motorio.eu\/fi\/tietosuojaseloste\/\" \/>\n<meta property=\"og:site_name\" content=\"Motorio.eu\" \/>\n<meta property=\"article:modified_time\" content=\"2026-03-11T09:39:31+00:00\" \/>\n<meta name=\"twitter:card\" content=\"summary_large_image\" \/>\n<meta name=\"twitter:label1\" content=\"Arvioitu lukuaika\" \/>\n\t<meta name=\"twitter:data1\" content=\"2 minuuttia\" \/>\n<script type=\"application\/ld+json\" class=\"yoast-schema-graph\">{\"@context\":\"https:\\\/\\\/schema.org\",\"@graph\":[{\"@type\":\"WebPage\",\"@id\":\"https:\\\/\\\/motorio.eu\\\/fi\\\/tietosuojaseloste\\\/\",\"url\":\"https:\\\/\\\/motorio.eu\\\/fi\\\/tietosuojaseloste\\\/\",\"name\":\"Tietosuojaseloste - Motorio.eu\",\"isPartOf\":{\"@id\":\"https:\\\/\\\/motorio.eu\\\/fi\\\/#website\"},\"datePublished\":\"2026-02-07T11:23:02+00:00\",\"dateModified\":\"2026-03-11T09:39:31+00:00\",\"breadcrumb\":{\"@id\":\"https:\\\/\\\/motorio.eu\\\/fi\\\/tietosuojaseloste\\\/#breadcrumb\"},\"inLanguage\":\"fi\",\"potentialAction\":[{\"@type\":\"ReadAction\",\"target\":[\"https:\\\/\\\/motorio.eu\\\/fi\\\/tietosuojaseloste\\\/\"]}]},{\"@type\":\"BreadcrumbList\",\"@id\":\"https:\\\/\\\/motorio.eu\\\/fi\\\/tietosuojaseloste\\\/#breadcrumb\",\"itemListElement\":[{\"@type\":\"ListItem\",\"position\":1,\"name\":\"Home\",\"item\":\"https:\\\/\\\/motorio.eu\\\/fi\\\/\"},{\"@type\":\"ListItem\",\"position\":2,\"name\":\"Tietosuojaseloste\"}]},{\"@type\":\"WebSite\",\"@id\":\"https:\\\/\\\/motorio.eu\\\/fi\\\/#website\",\"url\":\"https:\\\/\\\/motorio.eu\\\/fi\\\/\",\"name\":\"Motorio.eu\",\"description\":\"Car engine experts\",\"publisher\":{\"@id\":\"https:\\\/\\\/motorio.eu\\\/fi\\\/#organization\"},\"potentialAction\":[{\"@type\":\"SearchAction\",\"target\":{\"@type\":\"EntryPoint\",\"urlTemplate\":\"https:\\\/\\\/motorio.eu\\\/fi\\\/?s={search_term_string}\"},\"query-input\":{\"@type\":\"PropertyValueSpecification\",\"valueRequired\":true,\"valueName\":\"search_term_string\"}}],\"inLanguage\":\"fi\"},{\"@type\":\"Organization\",\"@id\":\"https:\\\/\\\/motorio.eu\\\/fi\\\/#organization\",\"name\":\"Motorio.eu\",\"url\":\"https:\\\/\\\/motorio.eu\\\/fi\\\/\",\"logo\":{\"@type\":\"ImageObject\",\"inLanguage\":\"fi\",\"@id\":\"https:\\\/\\\/motorio.eu\\\/fi\\\/#\\\/schema\\\/logo\\\/image\\\/\",\"url\":\"https:\\\/\\\/motorio.eu\\\/wp-content\\\/uploads\\\/Motorio-logo-blue.svg\",\"contentUrl\":\"https:\\\/\\\/motorio.eu\\\/wp-content\\\/uploads\\\/Motorio-logo-blue.svg\",\"width\":1,\"height\":1,\"caption\":\"Motorio.eu\"},\"image\":{\"@id\":\"https:\\\/\\\/motorio.eu\\\/fi\\\/#\\\/schema\\\/logo\\\/image\\\/\"},\"email\":\"info@motorio.eu\",\"legalName\":\"Motorio, MB\",\"vatID\":\"LT100019189913\"}]}<\/script>\n<!-- \/ Yoast SEO Premium plugin. -->","yoast_head_json":{"title":"Tietosuojaseloste - Motorio.eu","robots":{"index":"index","follow":"follow","max-snippet":"max-snippet:-1","max-image-preview":"max-image-preview:large","max-video-preview":"max-video-preview:-1"},"canonical":"https:\/\/motorio.eu\/fi\/tietosuojaseloste\/","og_locale":"fi_FI","og_type":"article","og_title":"Tietosuojaseloste","og_url":"https:\/\/motorio.eu\/fi\/tietosuojaseloste\/","og_site_name":"Motorio.eu","article_modified_time":"2026-03-11T09:39:31+00:00","twitter_card":"summary_large_image","twitter_misc":{"Arvioitu lukuaika":"2 minuuttia"},"schema":{"@context":"https:\/\/schema.org","@graph":[{"@type":"WebPage","@id":"https:\/\/motorio.eu\/fi\/tietosuojaseloste\/","url":"https:\/\/motorio.eu\/fi\/tietosuojaseloste\/","name":"Tietosuojaseloste - Motorio.eu","isPartOf":{"@id":"https:\/\/motorio.eu\/fi\/#website"},"datePublished":"2026-02-07T11:23:02+00:00","dateModified":"2026-03-11T09:39:31+00:00","breadcrumb":{"@id":"https:\/\/motorio.eu\/fi\/tietosuojaseloste\/#breadcrumb"},"inLanguage":"fi","potentialAction":[{"@type":"ReadAction","target":["https:\/\/motorio.eu\/fi\/tietosuojaseloste\/"]}]},{"@type":"BreadcrumbList","@id":"https:\/\/motorio.eu\/fi\/tietosuojaseloste\/#breadcrumb","itemListElement":[{"@type":"ListItem","position":1,"name":"Home","item":"https:\/\/motorio.eu\/fi\/"},{"@type":"ListItem","position":2,"name":"Tietosuojaseloste"}]},{"@type":"WebSite","@id":"https:\/\/motorio.eu\/fi\/#website","url":"https:\/\/motorio.eu\/fi\/","name":"Motorio.eu","description":"Car engine experts","publisher":{"@id":"https:\/\/motorio.eu\/fi\/#organization"},"potentialAction":[{"@type":"SearchAction","target":{"@type":"EntryPoint","urlTemplate":"https:\/\/motorio.eu\/fi\/?s={search_term_string}"},"query-input":{"@type":"PropertyValueSpecification","valueRequired":true,"valueName":"search_term_string"}}],"inLanguage":"fi"},{"@type":"Organization","@id":"https:\/\/motorio.eu\/fi\/#organization","name":"Motorio.eu","url":"https:\/\/motorio.eu\/fi\/","logo":{"@type":"ImageObject","inLanguage":"fi","@id":"https:\/\/motorio.eu\/fi\/#\/schema\/logo\/image\/","url":"https:\/\/motorio.eu\/wp-content\/uploads\/Motorio-logo-blue.svg","contentUrl":"https:\/\/motorio.eu\/wp-content\/uploads\/Motorio-logo-blue.svg","width":1,"height":1,"caption":"Motorio.eu"},"image":{"@id":"https:\/\/motorio.eu\/fi\/#\/schema\/logo\/image\/"},"email":"info@motorio.eu","legalName":"Motorio, MB","vatID":"LT100019189913"}]}},"_links":{"self":[{"href":"https:\/\/motorio.eu\/fi\/wp-json\/wp\/v2\/pages\/3433","targetHints":{"allow":["GET"]}}],"collection":[{"href":"https:\/\/motorio.eu\/fi\/wp-json\/wp\/v2\/pages"}],"about":[{"href":"https:\/\/motorio.eu\/fi\/wp-json\/wp\/v2\/types\/page"}],"author":[{"embeddable":true,"href":"https:\/\/motorio.eu\/fi\/wp-json\/wp\/v2\/users\/1"}],"replies":[{"embeddable":true,"href":"https:\/\/motorio.eu\/fi\/wp-json\/wp\/v2\/comments?post=3433"}],"version-history":[{"count":2,"href":"https:\/\/motorio.eu\/fi\/wp-json\/wp\/v2\/pages\/3433\/revisions"}],"predecessor-version":[{"id":3447,"href":"https:\/\/motorio.eu\/fi\/wp-json\/wp\/v2\/pages\/3433\/revisions\/3447"}],"wp:attachment":[{"href":"https:\/\/motorio.eu\/fi\/wp-json\/wp\/v2\/media?parent=3433"}],"curies":[{"name":"wp","href":"https:\/\/api.w.org\/{rel}","templated":true}]}}