{"id":3271,"date":"2024-06-18T00:34:05","date_gmt":"2024-06-17T22:34:05","guid":{"rendered":"https:\/\/motorio.eu\/contact\/"},"modified":"2026-03-11T10:37:37","modified_gmt":"2026-03-11T08:37:37","slug":"contact","status":"publish","type":"page","link":"https:\/\/motorio.eu\/fr\/contact\/","title":{"rendered":"Contact"},"content":{"rendered":"<section class=\"l-section wpb_row us_custom_2e21f5ce height_auto width_custom\" style=\"--site-content-width:1140px;\"><div class=\"l-section-h i-cf\"><div class=\"g-cols vc_row via_grid cols_2 laptops-cols_inherit tablets-cols_inherit mobiles-cols_1 valign_top type_default stacking_default\" style=\"--columns-gap:3rem;--laptops-columns-gap:3rem;--tablets-columns-gap:3rem;--mobiles-columns-gap:4rem;\"><div class=\"wpb_column vc_column_container\"><div class=\"vc_column-inner\"><h2 class=\"w-text\"><span class=\"w-text-h\"><span class=\"w-text-value\">Contact<\/span><\/span><\/h2><div class=\"w-separator size_custom\" style=\"height:1rem\"><\/div><div class=\"w-text us_custom_de1be817 icon_atleft\"><span target=\"_blank\" class=\"w-text-h\"><i class=\"fal fa-briefcase\"><\/i><span class=\"w-text-value\">Motorio, MB<\/span><\/span><\/div><div class=\"wpb_text_column company-details\"><div class=\"wpb_wrapper\"><p>Code d&rsquo;entreprise: 307218474<br \/>\nNum\u00e9ro de TVA: LT100019189913<br \/>\nVilnius, Lituanie<\/p>\n<\/div><\/div><div class=\"w-separator size_custom\" style=\"height:1rem\"><\/div><div class=\"w-text us_custom_de1be817 icon_atleft\"><a target=\"_blank\" href=\"https:\/\/wa.me\/37067322208\" class=\"w-text-h\"><i class=\"fab fa-whatsapp\"><\/i><span class=\"w-text-value\">Contactez-nous via WhatsApp<\/span><\/a><\/div><div class=\"w-text us_custom_193fe783 icon_atleft\"><a href=\"mailto:info@motorio.eu\" class=\"w-text-h\"><i class=\"far fa-envelope-open\"><\/i><span class=\"w-text-value\">info@motorio.eu<\/span><\/a><\/div>\n<\/div><\/div><div class=\"wpb_column vc_column_container\"><div class=\"vc_column-inner\"><h2 class=\"w-text have-questions\"><span class=\"w-text-h\"><span class=\"w-text-value\">Vous avez des questions?<\/span><\/span><\/h2><div class=\"w-separator size_custom\" style=\"height:1rem\" id=\"pdbe\"><style>@media(max-width:600px){ #pdbe{height:0.5rem!important}}<\/style><\/div><div class=\"w-text us_custom_c5951fbf has_text_color\"><span target=\"_blank\" class=\"w-text-h\"><span class=\"w-text-value\">Nous r\u00e9pondons g\u00e9n\u00e9ralement en quelques heures ouvrables.<\/span><\/span><\/div><div class=\"w-separator size_custom\" style=\"height:1rem\"><\/div>[vc_raw_html]JTVCZm9ybWluYXRvcl9mb3JtJTIwaWQlM0QlMjIyMDkyJTIyJTVE[\/vc_raw_html]\n<\/div><\/div><\/div><\/div><\/section>\n","protected":false},"excerpt":{"rendered":"ContactMotorio, MBCode d&rsquo;entreprise: 307218474 Num\u00e9ro de TVA: LT100019189913 Vilnius, Lituanie Contactez-nous via WhatsAppinfo@motorio.eu Vous avez des questions?Nous r\u00e9pondons g\u00e9n\u00e9ralement en quelques heures ouvrables.[vc_raw_html]JTVCZm9ybWluYXRvcl9mb3JtJTIwaWQlM0QlMjIyMDkyJTIyJTVE[\/vc_raw_html]","protected":false},"author":1,"featured_media":0,"parent":0,"menu_order":0,"comment_status":"closed","ping_status":"closed","template":"","meta":{"_acf_changed":false,"footnotes":""},"class_list":["post-3271","page","type-page","status-publish","hentry"],"acf":[],"yoast_head":"<!-- This site is optimized with the Yoast SEO Premium plugin v27.4 (Yoast SEO v27.4) - https:\/\/yoast.com\/product\/yoast-seo-premium-wordpress\/ -->\n<title>Contact - Motorio.eu<\/title>\n<meta name=\"robots\" content=\"index, follow, max-snippet:-1, max-image-preview:large, max-video-preview:-1\" \/>\n<link rel=\"canonical\" href=\"https:\/\/motorio.eu\/fr\/contact\/\" \/>\n<meta property=\"og:locale\" content=\"fr_FR\" \/>\n<meta property=\"og:type\" content=\"article\" \/>\n<meta property=\"og:title\" content=\"Contact\" \/>\n<meta property=\"og:url\" content=\"https:\/\/motorio.eu\/fr\/contact\/\" \/>\n<meta property=\"og:site_name\" content=\"Motorio.eu\" \/>\n<meta property=\"article:modified_time\" content=\"2026-03-11T08:37:37+00:00\" \/>\n<meta name=\"twitter:card\" content=\"summary_large_image\" \/>\n<meta name=\"twitter:label1\" content=\"Dur\u00e9e de lecture estim\u00e9e\" \/>\n\t<meta name=\"twitter:data1\" content=\"1 minute\" \/>\n<script type=\"application\/ld+json\" class=\"yoast-schema-graph\">{\"@context\":\"https:\\\/\\\/schema.org\",\"@graph\":[{\"@type\":\"WebPage\",\"@id\":\"https:\\\/\\\/motorio.eu\\\/fr\\\/contact\\\/\",\"url\":\"https:\\\/\\\/motorio.eu\\\/fr\\\/contact\\\/\",\"name\":\"Contact - Motorio.eu\",\"isPartOf\":{\"@id\":\"https:\\\/\\\/motorio.eu\\\/fr\\\/#website\"},\"datePublished\":\"2024-06-17T22:34:05+00:00\",\"dateModified\":\"2026-03-11T08:37:37+00:00\",\"breadcrumb\":{\"@id\":\"https:\\\/\\\/motorio.eu\\\/fr\\\/contact\\\/#breadcrumb\"},\"inLanguage\":\"fr-FR\",\"potentialAction\":[{\"@type\":\"ReadAction\",\"target\":[\"https:\\\/\\\/motorio.eu\\\/fr\\\/contact\\\/\"]}]},{\"@type\":\"BreadcrumbList\",\"@id\":\"https:\\\/\\\/motorio.eu\\\/fr\\\/contact\\\/#breadcrumb\",\"itemListElement\":[{\"@type\":\"ListItem\",\"position\":1,\"name\":\"Home\",\"item\":\"https:\\\/\\\/motorio.eu\\\/fr\\\/\"},{\"@type\":\"ListItem\",\"position\":2,\"name\":\"Contact\"}]},{\"@type\":\"WebSite\",\"@id\":\"https:\\\/\\\/motorio.eu\\\/fr\\\/#website\",\"url\":\"https:\\\/\\\/motorio.eu\\\/fr\\\/\",\"name\":\"Motorio.eu\",\"description\":\"Car engine experts\",\"publisher\":{\"@id\":\"https:\\\/\\\/motorio.eu\\\/fr\\\/#organization\"},\"potentialAction\":[{\"@type\":\"SearchAction\",\"target\":{\"@type\":\"EntryPoint\",\"urlTemplate\":\"https:\\\/\\\/motorio.eu\\\/fr\\\/?s={search_term_string}\"},\"query-input\":{\"@type\":\"PropertyValueSpecification\",\"valueRequired\":true,\"valueName\":\"search_term_string\"}}],\"inLanguage\":\"fr-FR\"},{\"@type\":\"Organization\",\"@id\":\"https:\\\/\\\/motorio.eu\\\/fr\\\/#organization\",\"name\":\"Motorio.eu\",\"url\":\"https:\\\/\\\/motorio.eu\\\/fr\\\/\",\"logo\":{\"@type\":\"ImageObject\",\"inLanguage\":\"fr-FR\",\"@id\":\"https:\\\/\\\/motorio.eu\\\/fr\\\/#\\\/schema\\\/logo\\\/image\\\/\",\"url\":\"https:\\\/\\\/motorio.eu\\\/wp-content\\\/uploads\\\/Motorio-logo-blue.svg\",\"contentUrl\":\"https:\\\/\\\/motorio.eu\\\/wp-content\\\/uploads\\\/Motorio-logo-blue.svg\",\"width\":1,\"height\":1,\"caption\":\"Motorio.eu\"},\"image\":{\"@id\":\"https:\\\/\\\/motorio.eu\\\/fr\\\/#\\\/schema\\\/logo\\\/image\\\/\"},\"email\":\"info@motorio.eu\",\"legalName\":\"Motorio, MB\",\"vatID\":\"LT100019189913\"}]}<\/script>\n<!-- \/ Yoast SEO Premium plugin. -->","yoast_head_json":{"title":"Contact - Motorio.eu","robots":{"index":"index","follow":"follow","max-snippet":"max-snippet:-1","max-image-preview":"max-image-preview:large","max-video-preview":"max-video-preview:-1"},"canonical":"https:\/\/motorio.eu\/fr\/contact\/","og_locale":"fr_FR","og_type":"article","og_title":"Contact","og_url":"https:\/\/motorio.eu\/fr\/contact\/","og_site_name":"Motorio.eu","article_modified_time":"2026-03-11T08:37:37+00:00","twitter_card":"summary_large_image","twitter_misc":{"Dur\u00e9e de lecture estim\u00e9e":"1 minute"},"schema":{"@context":"https:\/\/schema.org","@graph":[{"@type":"WebPage","@id":"https:\/\/motorio.eu\/fr\/contact\/","url":"https:\/\/motorio.eu\/fr\/contact\/","name":"Contact - Motorio.eu","isPartOf":{"@id":"https:\/\/motorio.eu\/fr\/#website"},"datePublished":"2024-06-17T22:34:05+00:00","dateModified":"2026-03-11T08:37:37+00:00","breadcrumb":{"@id":"https:\/\/motorio.eu\/fr\/contact\/#breadcrumb"},"inLanguage":"fr-FR","potentialAction":[{"@type":"ReadAction","target":["https:\/\/motorio.eu\/fr\/contact\/"]}]},{"@type":"BreadcrumbList","@id":"https:\/\/motorio.eu\/fr\/contact\/#breadcrumb","itemListElement":[{"@type":"ListItem","position":1,"name":"Home","item":"https:\/\/motorio.eu\/fr\/"},{"@type":"ListItem","position":2,"name":"Contact"}]},{"@type":"WebSite","@id":"https:\/\/motorio.eu\/fr\/#website","url":"https:\/\/motorio.eu\/fr\/","name":"Motorio.eu","description":"Car engine experts","publisher":{"@id":"https:\/\/motorio.eu\/fr\/#organization"},"potentialAction":[{"@type":"SearchAction","target":{"@type":"EntryPoint","urlTemplate":"https:\/\/motorio.eu\/fr\/?s={search_term_string}"},"query-input":{"@type":"PropertyValueSpecification","valueRequired":true,"valueName":"search_term_string"}}],"inLanguage":"fr-FR"},{"@type":"Organization","@id":"https:\/\/motorio.eu\/fr\/#organization","name":"Motorio.eu","url":"https:\/\/motorio.eu\/fr\/","logo":{"@type":"ImageObject","inLanguage":"fr-FR","@id":"https:\/\/motorio.eu\/fr\/#\/schema\/logo\/image\/","url":"https:\/\/motorio.eu\/wp-content\/uploads\/Motorio-logo-blue.svg","contentUrl":"https:\/\/motorio.eu\/wp-content\/uploads\/Motorio-logo-blue.svg","width":1,"height":1,"caption":"Motorio.eu"},"image":{"@id":"https:\/\/motorio.eu\/fr\/#\/schema\/logo\/image\/"},"email":"info@motorio.eu","legalName":"Motorio, MB","vatID":"LT100019189913"}]}},"_links":{"self":[{"href":"https:\/\/motorio.eu\/fr\/wp-json\/wp\/v2\/pages\/3271","targetHints":{"allow":["GET"]}}],"collection":[{"href":"https:\/\/motorio.eu\/fr\/wp-json\/wp\/v2\/pages"}],"about":[{"href":"https:\/\/motorio.eu\/fr\/wp-json\/wp\/v2\/types\/page"}],"author":[{"embeddable":true,"href":"https:\/\/motorio.eu\/fr\/wp-json\/wp\/v2\/users\/1"}],"replies":[{"embeddable":true,"href":"https:\/\/motorio.eu\/fr\/wp-json\/wp\/v2\/comments?post=3271"}],"version-history":[{"count":2,"href":"https:\/\/motorio.eu\/fr\/wp-json\/wp\/v2\/pages\/3271\/revisions"}],"predecessor-version":[{"id":3287,"href":"https:\/\/motorio.eu\/fr\/wp-json\/wp\/v2\/pages\/3271\/revisions\/3287"}],"wp:attachment":[{"href":"https:\/\/motorio.eu\/fr\/wp-json\/wp\/v2\/media?parent=3271"}],"curies":[{"name":"wp","href":"https:\/\/api.w.org\/{rel}","templated":true}]}}