{"id":3371,"date":"2024-06-18T00:33:54","date_gmt":"2024-06-17T22:33:54","guid":{"rendered":"https:\/\/motorio.eu\/about-us\/"},"modified":"2026-03-11T11:22:13","modified_gmt":"2026-03-11T09:22:13","slug":"om-oss","status":"publish","type":"page","link":"https:\/\/motorio.eu\/no\/om-oss\/","title":{"rendered":"Om oss"},"content":{"rendered":"<section class=\"l-section wpb_row us_custom_2e21f5ce height_auto width_custom\" style=\"--site-content-width:1140px;\"><div class=\"l-section-h i-cf\"><div class=\"g-cols vc_row via_grid cols_1 laptops-cols_inherit tablets-cols_inherit mobiles-cols_1 valign_top type_default stacking_default\"><div class=\"wpb_column vc_column_container\"><div class=\"vc_column-inner\"><h1 class=\"w-post-elm post_title entry-title color_link_inherit\">Om oss<\/h1><div class=\"w-separator size_custom\" style=\"height:1rem\"><\/div><div class=\"g-cols wpb_row us_custom_abc12e86 via_grid cols_2 laptops-cols_inherit tablets-cols_inherit mobiles-cols_1 valign_top type_default stacking_default\" style=\"--columns-gap:6rem;--laptops-columns-gap:6rem;--tablets-columns-gap:3rem;--mobiles-columns-gap:3rem;\"><div class=\"wpb_column vc_column_container\"><div class=\"vc_column-inner\"><div class=\"wpb_text_column\"><div class=\"wpb_wrapper\"><p>Selskapet ble grunnlagt i 2024 i Vilnius med m\u00e5l om \u00e5 dele <strong>10 \u00e5rs erfaring<\/strong> oppn\u00e5dd gjennom arbeid med kunder for \u00e5 l\u00f8se problemer med bilmotorer.<\/p>\n<p>Vi er trygge p\u00e5 at v\u00e5r kunnskap og tjenestene vi leverer kan bidra til vellykket og langsiktig drift av v\u00e5re kunders motorer. Vi reparerer motorer i henhold til fabrikkspesifikasjoner. Vi mener at vi n\u00e5r m\u00e5let v\u00e5rt n\u00e5r l\u00f8sningene og kunnskapen vi tilbyr innen motorreparasjon reduserer reparasjonskostnadene og gir konkrete fordeler.<\/p>\n<\/div><\/div><div class=\"w-btn-wrapper align_none\"><a class=\"w-btn us-btn-style_1 us_custom_cdf14ffd icon_atright\" href=\"\/no\/renoverte-bilmotorer\/\"><span class=\"w-btn-label\">Se v\u00e5re motorer<\/span><i class=\"fas fa-arrow-right\"><\/i><\/a><\/div><\/div><\/div><div class=\"wpb_column vc_column_container\"><div class=\"vc_column-inner\"><div class=\"w-video us_custom_22382e63 hide_on_tablets hide_on_mobiles align_none ratio_16x9 has_border_radius with_overlay has_iframe\" style=\"background-image:url(https:\/\/motorio.eu\/wp-content\/uploads\/Video-cover.webp);\" onclick=\"return {&quot;player_id&quot;:&quot;youtube-z10c&quot;,&quot;player_api&quot;:&quot;\\\/\\\/www.youtube.com\\\/player_api&quot;,&quot;player_html&quot;:&quot;&lt;div id=\\&quot;youtube-z10c\\&quot;&gt;&lt;\\\/div&gt;&lt;script&gt;\\r\\n\\t\\t\\twindow.USYTPlayers = ( window.USYTPlayers || { initYTFunctions: [], optionsYT: [], USYTInited: false } );\\r\\n\\t\\t\\twindow.USYTPlayers.optionsYT.push( {\\r\\n\\t\\t\\t\\tplayerID: \\&quot;youtube-z10c\\&quot;,\\r\\n\\t\\t\\t\\tvideoID: \\&quot;JsflCPAssjA\\&quot;,\\r\\n\\t\\t\\t\\tplayerVars: {\\&quot;autoplay\\&quot;:1,\\&quot;controls\\&quot;:1,\\&quot;origin\\&quot;:\\&quot;https:\\\\\\\/\\\\\\\/motorio.eu\\\\\\\/no\\\\\\\/\\&quot;,\\&quot;loop\\&quot;:0,\\&quot;mute\\&quot;:0,\\&quot;playlist\\&quot;:\\&quot;JsflCPAssjA\\&quot;}\\r\\n\\t\\t\\t} );\\r\\n\\t\\t\\tif ( window.USYTPlayers.USYTInited === false ) {\\r\\n\\t\\t\\t\\t\\\/\\\/ Trying to override other possible WP YT API calls if our element is used\\r\\n\\t\\t\\t\\twindow.USYTPlayers.USYTInited = true;\\r\\n\\r\\n\\t\\t\\t\\twindow.onYouTubePlayerAPIReady = function() {\\r\\n\\t\\t\\t\\t\\tfor ( var i in window.USYTPlayers.optionsYT ) {\\r\\n\\t\\t\\t\\t\\t\\tvar _playerParams = window.USYTPlayers.optionsYT[ i ];\\r\\n\\t\\t\\t\\t\\t\\t$us.YTPlayers[ _playerParams.playerID ] = new YT.Player( _playerParams.playerID, {\\r\\n\\t\\t\\t\\t\\t\\t\\tvideoId: _playerParams.videoID,\\r\\n\\t\\t\\t\\t\\t\\t\\tplayerVars: _playerParams.playerVars\\r\\n\\t\\t\\t\\t\\t\\t} );\\r\\n\\t\\t\\t\\t\\t}\\r\\n\\t\\t\\t\\t}\\r\\n\\t\\t\\t}\\r\\n\\t\\t\\tif ( !!window.YT ) {\\r\\n\\t\\t\\t\\t$us.YTPlayers[\\&quot;youtube-z10c\\&quot;] = new YT.Player( \\&quot;youtube-z10c\\&quot;, {\\r\\n\\t\\t\\t\\t\\tvideoId: \\&quot;JsflCPAssjA\\&quot;,\\r\\n\\t\\t\\t\\t\\tplayerVars: {\\&quot;autoplay\\&quot;:1,\\&quot;controls\\&quot;:1,\\&quot;origin\\&quot;:\\&quot;https:\\\\\\\/\\\\\\\/motorio.eu\\\\\\\/no\\\\\\\/\\&quot;,\\&quot;loop\\&quot;:0,\\&quot;mute\\&quot;:0,\\&quot;playlist\\&quot;:\\&quot;JsflCPAssjA\\&quot;}\\r\\n\\t\\t\\t\\t} );\\r\\n\\t\\t\\t}\\r\\n\\t\\t&lt;\\\/script&gt;&quot;}\"><button class=\"w-video-play\" type=\"button\" aria-label=\"Spill av\"><span class=\"w-video-play-icon\" style=\"font-size:1.5rem;background:rgba(0,0,0,0.5);color:#fff\"><\/span><\/button><div class=\"w-video-h\"><\/div><\/div><div class=\"w-video us_custom_22382e63 hide_on_default hide_on_laptops align_none ratio_16x9 has_border_radius has_iframe\"><div class=\"w-video-h\"><iframe title=\"Youtube video player\" src=\"\/\/www.youtube.com\/embed\/JsflCPAssjA?autoplay=0&controls=1&origin=https:\/\/motorio.eu\/no\/&loop=0&mute=0\" allowfullscreen=\"1\" loading=\"lazy\"><\/iframe><\/div><\/div><\/div><\/div><\/div><\/div><\/div><\/div><\/div><\/section>\n","protected":false},"excerpt":{"rendered":"Om ossSelskapet ble grunnlagt i 2024 i Vilnius med m\u00e5l om \u00e5 dele 10 \u00e5rs erfaring oppn\u00e5dd gjennom arbeid med kunder for \u00e5 l\u00f8se problemer med bilmotorer. Vi er trygge p\u00e5 at v\u00e5r kunnskap og tjenestene vi leverer kan bidra til vellykket og langsiktig drift av v\u00e5re kunders motorer. Vi reparerer motorer i henhold til...","protected":false},"author":1,"featured_media":0,"parent":0,"menu_order":0,"comment_status":"closed","ping_status":"closed","template":"","meta":{"_acf_changed":false,"footnotes":""},"class_list":["post-3371","page","type-page","status-publish","hentry"],"acf":[],"yoast_head":"<!-- This site is optimized with the Yoast SEO Premium plugin v27.4 (Yoast SEO v27.4) - https:\/\/yoast.com\/product\/yoast-seo-premium-wordpress\/ -->\n<title>Om oss - Motorio.eu<\/title>\n<meta name=\"robots\" content=\"index, follow, max-snippet:-1, max-image-preview:large, max-video-preview:-1\" \/>\n<link rel=\"canonical\" href=\"https:\/\/motorio.eu\/no\/om-oss\/\" \/>\n<meta property=\"og:locale\" content=\"nb_NO\" \/>\n<meta property=\"og:type\" content=\"article\" \/>\n<meta property=\"og:title\" content=\"Om oss\" \/>\n<meta property=\"og:url\" content=\"https:\/\/motorio.eu\/no\/om-oss\/\" \/>\n<meta property=\"og:site_name\" content=\"Motorio.eu\" \/>\n<meta property=\"article:modified_time\" content=\"2026-03-11T09:22:13+00:00\" \/>\n<meta name=\"twitter:card\" content=\"summary_large_image\" \/>\n<meta name=\"twitter:label1\" content=\"Ansl. lesetid\" \/>\n\t<meta name=\"twitter:data1\" content=\"1 minutt\" \/>\n<script type=\"application\/ld+json\" class=\"yoast-schema-graph\">{\"@context\":\"https:\\\/\\\/schema.org\",\"@graph\":[{\"@type\":\"WebPage\",\"@id\":\"https:\\\/\\\/motorio.eu\\\/no\\\/om-oss\\\/\",\"url\":\"https:\\\/\\\/motorio.eu\\\/no\\\/om-oss\\\/\",\"name\":\"Om oss - Motorio.eu\",\"isPartOf\":{\"@id\":\"https:\\\/\\\/motorio.eu\\\/no\\\/#website\"},\"datePublished\":\"2024-06-17T22:33:54+00:00\",\"dateModified\":\"2026-03-11T09:22:13+00:00\",\"breadcrumb\":{\"@id\":\"https:\\\/\\\/motorio.eu\\\/no\\\/om-oss\\\/#breadcrumb\"},\"inLanguage\":\"nb-NO\",\"potentialAction\":[{\"@type\":\"ReadAction\",\"target\":[\"https:\\\/\\\/motorio.eu\\\/no\\\/om-oss\\\/\"]}]},{\"@type\":\"BreadcrumbList\",\"@id\":\"https:\\\/\\\/motorio.eu\\\/no\\\/om-oss\\\/#breadcrumb\",\"itemListElement\":[{\"@type\":\"ListItem\",\"position\":1,\"name\":\"Home\",\"item\":\"https:\\\/\\\/motorio.eu\\\/no\\\/\"},{\"@type\":\"ListItem\",\"position\":2,\"name\":\"Om oss\"}]},{\"@type\":\"WebSite\",\"@id\":\"https:\\\/\\\/motorio.eu\\\/no\\\/#website\",\"url\":\"https:\\\/\\\/motorio.eu\\\/no\\\/\",\"name\":\"Motorio.eu\",\"description\":\"Car engine experts\",\"publisher\":{\"@id\":\"https:\\\/\\\/motorio.eu\\\/no\\\/#organization\"},\"potentialAction\":[{\"@type\":\"SearchAction\",\"target\":{\"@type\":\"EntryPoint\",\"urlTemplate\":\"https:\\\/\\\/motorio.eu\\\/no\\\/?s={search_term_string}\"},\"query-input\":{\"@type\":\"PropertyValueSpecification\",\"valueRequired\":true,\"valueName\":\"search_term_string\"}}],\"inLanguage\":\"nb-NO\"},{\"@type\":\"Organization\",\"@id\":\"https:\\\/\\\/motorio.eu\\\/no\\\/#organization\",\"name\":\"Motorio.eu\",\"url\":\"https:\\\/\\\/motorio.eu\\\/no\\\/\",\"logo\":{\"@type\":\"ImageObject\",\"inLanguage\":\"nb-NO\",\"@id\":\"https:\\\/\\\/motorio.eu\\\/no\\\/#\\\/schema\\\/logo\\\/image\\\/\",\"url\":\"https:\\\/\\\/motorio.eu\\\/wp-content\\\/uploads\\\/Motorio-logo-blue.svg\",\"contentUrl\":\"https:\\\/\\\/motorio.eu\\\/wp-content\\\/uploads\\\/Motorio-logo-blue.svg\",\"width\":1,\"height\":1,\"caption\":\"Motorio.eu\"},\"image\":{\"@id\":\"https:\\\/\\\/motorio.eu\\\/no\\\/#\\\/schema\\\/logo\\\/image\\\/\"},\"email\":\"info@motorio.eu\",\"legalName\":\"Motorio, MB\",\"vatID\":\"LT100019189913\"}]}<\/script>\n<!-- \/ Yoast SEO Premium plugin. -->","yoast_head_json":{"title":"Om oss - Motorio.eu","robots":{"index":"index","follow":"follow","max-snippet":"max-snippet:-1","max-image-preview":"max-image-preview:large","max-video-preview":"max-video-preview:-1"},"canonical":"https:\/\/motorio.eu\/no\/om-oss\/","og_locale":"nb_NO","og_type":"article","og_title":"Om oss","og_url":"https:\/\/motorio.eu\/no\/om-oss\/","og_site_name":"Motorio.eu","article_modified_time":"2026-03-11T09:22:13+00:00","twitter_card":"summary_large_image","twitter_misc":{"Ansl. lesetid":"1 minutt"},"schema":{"@context":"https:\/\/schema.org","@graph":[{"@type":"WebPage","@id":"https:\/\/motorio.eu\/no\/om-oss\/","url":"https:\/\/motorio.eu\/no\/om-oss\/","name":"Om oss - Motorio.eu","isPartOf":{"@id":"https:\/\/motorio.eu\/no\/#website"},"datePublished":"2024-06-17T22:33:54+00:00","dateModified":"2026-03-11T09:22:13+00:00","breadcrumb":{"@id":"https:\/\/motorio.eu\/no\/om-oss\/#breadcrumb"},"inLanguage":"nb-NO","potentialAction":[{"@type":"ReadAction","target":["https:\/\/motorio.eu\/no\/om-oss\/"]}]},{"@type":"BreadcrumbList","@id":"https:\/\/motorio.eu\/no\/om-oss\/#breadcrumb","itemListElement":[{"@type":"ListItem","position":1,"name":"Home","item":"https:\/\/motorio.eu\/no\/"},{"@type":"ListItem","position":2,"name":"Om oss"}]},{"@type":"WebSite","@id":"https:\/\/motorio.eu\/no\/#website","url":"https:\/\/motorio.eu\/no\/","name":"Motorio.eu","description":"Car engine experts","publisher":{"@id":"https:\/\/motorio.eu\/no\/#organization"},"potentialAction":[{"@type":"SearchAction","target":{"@type":"EntryPoint","urlTemplate":"https:\/\/motorio.eu\/no\/?s={search_term_string}"},"query-input":{"@type":"PropertyValueSpecification","valueRequired":true,"valueName":"search_term_string"}}],"inLanguage":"nb-NO"},{"@type":"Organization","@id":"https:\/\/motorio.eu\/no\/#organization","name":"Motorio.eu","url":"https:\/\/motorio.eu\/no\/","logo":{"@type":"ImageObject","inLanguage":"nb-NO","@id":"https:\/\/motorio.eu\/no\/#\/schema\/logo\/image\/","url":"https:\/\/motorio.eu\/wp-content\/uploads\/Motorio-logo-blue.svg","contentUrl":"https:\/\/motorio.eu\/wp-content\/uploads\/Motorio-logo-blue.svg","width":1,"height":1,"caption":"Motorio.eu"},"image":{"@id":"https:\/\/motorio.eu\/no\/#\/schema\/logo\/image\/"},"email":"info@motorio.eu","legalName":"Motorio, MB","vatID":"LT100019189913"}]}},"_links":{"self":[{"href":"https:\/\/motorio.eu\/no\/wp-json\/wp\/v2\/pages\/3371","targetHints":{"allow":["GET"]}}],"collection":[{"href":"https:\/\/motorio.eu\/no\/wp-json\/wp\/v2\/pages"}],"about":[{"href":"https:\/\/motorio.eu\/no\/wp-json\/wp\/v2\/types\/page"}],"author":[{"embeddable":true,"href":"https:\/\/motorio.eu\/no\/wp-json\/wp\/v2\/users\/1"}],"replies":[{"embeddable":true,"href":"https:\/\/motorio.eu\/no\/wp-json\/wp\/v2\/comments?post=3371"}],"version-history":[{"count":3,"href":"https:\/\/motorio.eu\/no\/wp-json\/wp\/v2\/pages\/3371\/revisions"}],"predecessor-version":[{"id":3393,"href":"https:\/\/motorio.eu\/no\/wp-json\/wp\/v2\/pages\/3371\/revisions\/3393"}],"wp:attachment":[{"href":"https:\/\/motorio.eu\/no\/wp-json\/wp\/v2\/media?parent=3371"}],"curies":[{"name":"wp","href":"https:\/\/api.w.org\/{rel}","templated":true}]}}